{"id":1509,"date":"2026-04-17T11:12:01","date_gmt":"2026-04-17T09:12:01","guid":{"rendered":"https:\/\/le-savoir-partage.fr\/?page_id=1509"},"modified":"2026-04-17T11:13:38","modified_gmt":"2026-04-17T09:13:38","slug":"mentions-legales","status":"publish","type":"page","link":"https:\/\/le-savoir-partage.fr\/en\/mentions-legales\/","title":{"rendered":"Mentions L\u00e9gales"},"content":{"rendered":"<div class=\"wpb-content-wrapper\"><div class=\"vc_row wpb_row vc_row-fluid vc_custom_1527690611459 vc_row-has-fill\"><div class=\"wpb_column vc_column_container vc_col-sm-12 sc_layouts_column_icons_position_left\"><div class=\"vc_column-inner\"><div class=\"wpb_wrapper\"><div id=\"sc_content_1985714722\"\n\t\tclass=\"sc_content sc_content_default sc_float_center p70\"><div class=\"sc_content_container\">\n\t<div class=\"wpb_text_column wpb_content_element\" >\n\t\t<div class=\"wpb_wrapper\">\n\t\t\t<h2>Mentions L\u00e9gales<\/h2>\n<h3><strong>1. Identification de l&rsquo;entreprise<\/strong><\/h3>\n<p>Conform\u00e9ment aux dispositions de la loi n\u00b0 2004-575 du 21 juin 2004 pour la confiance en l&rsquo;\u00e9conomie num\u00e9rique, il est pr\u00e9cis\u00e9 aux utilisateurs du site https:\/\/le-savoir-partage.fr\/ l&rsquo;identit\u00e9 des diff\u00e9rents intervenants dans le cadre de sa r\u00e9alisation et de son suivi.<\/p>\n<h3><strong>\u00c9diteur du site<\/strong><\/h3>\n<p>LE SAVOIR PARTAG\u00c9<br \/>\nAssociation loi 1901<br \/>\nSIRET : 40276550700023<br \/>\nSi\u00e8ge social : 2 avenue Al Cartero &#8211; 64270 Salies-de-B\u00e9arn<br \/>\nEmail : lesavoirpartageassociation@gmail.com<\/p>\n<p><strong>Directeur de la publication<\/strong><br \/>\nLe directeur de la publication du site est Patrice Maffrand, Pr\u00e9sident de l&rsquo;association.<\/p>\n<h3><strong>2. H\u00e9bergement<\/strong><\/h3>\n<p>Le site est h\u00e9berg\u00e9 par<br \/>\nIONOS SARL<br \/>\n7 place de la Gare BP 70109<br \/>\n57201 SARREGUEMINES Cedex<br \/>\nFrance<\/p>\n<h3><strong>3. Propri\u00e9t\u00e9 intellectuelle<\/strong><\/h3>\n<p>L&rsquo;ensemble de ce site rel\u00e8ve de la l\u00e9gislation fran\u00e7aise et internationale sur le droit d&rsquo;auteur et la propri\u00e9t\u00e9 intellectuelle.<br \/>\nTous les droits de reproduction sont r\u00e9serv\u00e9s, y compris pour les documents t\u00e9l\u00e9chargeables et les repr\u00e9sentations iconographiques et photographiques.<br \/>\nLa reproduction de tout ou partie de ce site sur un support \u00e9lectronique quel qu&rsquo;il soit est formellement interdite sauf autorisation expresse du directeur de la publication.<\/p>\n<h3><strong>4. Limitation de responsabilit\u00e9<\/strong><\/h3>\n<p>L&rsquo;association ne pourra \u00eatre tenue responsable des dommages directs et indirects caus\u00e9s au mat\u00e9riel de l&rsquo;utilisateur, lors de l&rsquo;acc\u00e8s au site, et r\u00e9sultant soit de l&rsquo;utilisation d&rsquo;un mat\u00e9riel ne r\u00e9pondant pas aux sp\u00e9cifications indiqu\u00e9es, soit de l&rsquo;apparition d&rsquo;un bug ou d&rsquo;une incompatibilit\u00e9.<br \/>\nL&rsquo;association ne pourra \u00e9galement \u00eatre tenue responsable des dommages indirects (tels par exemple qu&rsquo;une perte de march\u00e9 ou perte d&rsquo;une chance) cons\u00e9cutifs \u00e0 l&rsquo;utilisation du site.<\/p>\n<h3><strong>5. Gestion des donn\u00e9es personnelles<\/strong><\/h3>\n<p>Pour plus d&rsquo;informations sur la gestion de vos donn\u00e9es personnelles, veuillez consulter notre <a href=\"https:\/\/le-savoir-partage.fr\/en\/politique-de-confidentialite\/\">Politique de Confidentialit\u00e9<\/a>.<\/p>\n<h3><strong>6. Droit applicable et juridiction comp\u00e9tente<\/strong><\/h3>\n<p>Tout litige en relation avec l&rsquo;utilisation du site https:\/\/le-savoir-partage.fr\/ est soumis au droit fran\u00e7ais.<br \/>\nEn cas de litige, les tribunaux fran\u00e7ais seront seuls comp\u00e9tents.<\/p>\n<p>Derni\u00e8re mise \u00e0 jour : 17 avril 2026<\/p>\n\n\t\t<\/div>\n\t<\/div>\n<\/div><\/div><!-- \/.sc_content --><div class=\"vc_empty_space\"   style=\"height: 4em\"><span class=\"vc_empty_space_inner\"><\/span><\/div><\/div><\/div><\/div><\/div><div class=\"vc_row wpb_row vc_row-fluid\"><div class=\"wpb_column vc_column_container vc_col-sm-12 sc_layouts_column_icons_position_left\"><div class=\"vc_column-inner\"><div class=\"wpb_wrapper\"><div class=\"vc_empty_space\"   style=\"height: 8em\"><span class=\"vc_empty_space_inner\"><\/span><\/div><\/div><\/div><\/div><\/div>\n<\/div>","protected":false},"excerpt":{"rendered":"Mentions L\u00e9gales 1. Identification de l'entreprise Conform\u00e9ment aux dispositions de la loi n\u00b0 2004-575 du 21 juin 2004 pour la confiance en l'\u00e9conomie num\u00e9rique, il est pr\u00e9cis\u00e9 aux utilisateurs du site https:\/\/le-savoir-partage.fr\/ l'identit\u00e9 des diff\u00e9rents intervenants dans le cadre de sa r\u00e9alisation et de son suivi. \u00c9diteur du site LE SAVOIR PARTAG\u00c9 Association loi 1901 SIRET : 40276550700023 Si\u00e8ge social&hellip;","protected":false},"author":1,"featured_media":0,"parent":0,"menu_order":0,"comment_status":"closed","ping_status":"closed","template":"","meta":{"_acf_changed":false,"footnotes":""},"class_list":["post-1509","page","type-page","status-publish","hentry"],"acf":[],"_links":{"self":[{"href":"https:\/\/le-savoir-partage.fr\/en\/wp-json\/wp\/v2\/pages\/1509","targetHints":{"allow":["GET"]}}],"collection":[{"href":"https:\/\/le-savoir-partage.fr\/en\/wp-json\/wp\/v2\/pages"}],"about":[{"href":"https:\/\/le-savoir-partage.fr\/en\/wp-json\/wp\/v2\/types\/page"}],"author":[{"embeddable":true,"href":"https:\/\/le-savoir-partage.fr\/en\/wp-json\/wp\/v2\/users\/1"}],"replies":[{"embeddable":true,"href":"https:\/\/le-savoir-partage.fr\/en\/wp-json\/wp\/v2\/comments?post=1509"}],"version-history":[{"count":2,"href":"https:\/\/le-savoir-partage.fr\/en\/wp-json\/wp\/v2\/pages\/1509\/revisions"}],"predecessor-version":[{"id":1514,"href":"https:\/\/le-savoir-partage.fr\/en\/wp-json\/wp\/v2\/pages\/1509\/revisions\/1514"}],"wp:attachment":[{"href":"https:\/\/le-savoir-partage.fr\/en\/wp-json\/wp\/v2\/media?parent=1509"}],"curies":[{"name":"wp","href":"https:\/\/api.w.org\/{rel}","templated":true}]}}