{"id":308,"date":"2017-02-03T14:17:20","date_gmt":"2017-02-03T14:17:20","guid":{"rendered":"https:\/\/le-savoir-partage.fr\/?page_id=308"},"modified":"2026-04-12T11:46:08","modified_gmt":"2026-04-12T09:46:08","slug":"qui-sommes-nous","status":"publish","type":"page","link":"https:\/\/le-savoir-partage.fr\/en\/qui-sommes-nous\/","title":{"rendered":"Qui sommes-nous"},"content":{"rendered":"<div class=\"vc_row wpb_row vc_row-fluid vc_custom_1775893557442\"><div class=\"wpb_column vc_column_container vc_col-sm-6 sc_layouts_column_icons_position_left\"><div class=\"vc_column-inner\"><div class=\"wpb_wrapper\"><div class=\"vc_empty_space  height_huge\"   style=\"height: 32px\"><span class=\"vc_empty_space_inner\"><\/span><\/div>\n\t<div  class=\"wpb_single_image wpb_content_element vc_align_right\">\n\t\t\n\t\t<figure class=\"wpb_wrapper vc_figure\">\n\t\t\t<div class=\"vc_single_image-wrapper   vc_box_border_grey\"><img loading=\"lazy\" decoding=\"async\" width=\"1000\" height=\"625\" src=\"https:\/\/le-savoir-partage.fr\/wp-content\/uploads\/2026\/04\/saliesbearndesgaves-82073bac3ff6430b942270f159f27994-182737-ph0.jpg\" class=\"vc_single_image-img attachment-full\" alt=\"\" title=\"Le Savoir Partag\u00e9 se mobilise\u0085pour exister !\" srcset=\"https:\/\/le-savoir-partage.fr\/wp-content\/uploads\/2026\/04\/saliesbearndesgaves-82073bac3ff6430b942270f159f27994-182737-ph0.jpg 1000w, https:\/\/le-savoir-partage.fr\/wp-content\/uploads\/2026\/04\/saliesbearndesgaves-82073bac3ff6430b942270f159f27994-182737-ph0-300x188.jpg 300w, https:\/\/le-savoir-partage.fr\/wp-content\/uploads\/2026\/04\/saliesbearndesgaves-82073bac3ff6430b942270f159f27994-182737-ph0-768x480.jpg 768w, https:\/\/le-savoir-partage.fr\/wp-content\/uploads\/2026\/04\/saliesbearndesgaves-82073bac3ff6430b942270f159f27994-182737-ph0-370x231.jpg 370w, https:\/\/le-savoir-partage.fr\/wp-content\/uploads\/2026\/04\/saliesbearndesgaves-82073bac3ff6430b942270f159f27994-182737-ph0-760x475.jpg 760w\" sizes=\"auto, (max-width: 1000px) 100vw, 1000px\" \/><\/div>\n\t\t<\/figure>\n\t<\/div>\n<\/div><\/div><\/div><div class=\"wpb_column vc_column_container vc_col-sm-6 sc_layouts_column_icons_position_left\"><div class=\"vc_column-inner\"><div class=\"wpb_wrapper\"><div class=\"vc_empty_space  height_huge\"   style=\"height: 32px\"><span class=\"vc_empty_space_inner\"><\/span><\/div><div id=\"sc_title_1625387524\"\r\n\t\tclass=\"sc_title sc_title_default  vc_custom_1775893245606\"><h3 class=\"sc_item_title sc_title_title sc_align_left sc_item_title_style_default\">Un Espace de Vie Sociale<\/h3><\/div><!-- \/.sc_title --><div class=\"vc_empty_space  height_medium\"   style=\"height: 32px\"><span class=\"vc_empty_space_inner\"><\/span><\/div><div class=\"vc_empty_space  height_large hide_on_mobile hide_on_tablet\"   style=\"height: 32px\"><span class=\"vc_empty_space_inner\"><\/span><\/div><div class=\"vc_empty_space  height_huge\"   style=\"height: 32px\"><span class=\"vc_empty_space_inner\"><\/span><\/div>\n\t<div class=\"wpb_text_column wpb_content_element  vc_custom_1775893363096\" >\n\t\t<div class=\"wpb_wrapper\">\n\t\t\t<p>Fond\u00e9e en mars 1994 par Odile Mousseigt, l&rsquo;association a pour but d&rsquo;aider les enfants en difficult\u00e9s dans leur scolarit\u00e9. Intervenant \u00e0 la sortie de l&rsquo;\u00e9cole pour accompagner les enfants dans leurs devoirs, Le Savoir Partag\u00e9 a vite \u00e9t\u00e9 identifi\u00e9 comme une passerelle entre le temps scolaire et la famille.<br \/>\nDurant ces 20 derni\u00e8res ann\u00e9es, le nombre de familles re\u00e7ues et la diversit\u00e9 des personnes la fr\u00e9quentant a fait \u00e9voluer l&rsquo;association.<\/p>\n<p>Aujourd&rsquo;hui elle n&rsquo;intervient plus seulement aupr\u00e8s des enfants mais aussi aupr\u00e8s des familles, des adolescents, des personnes-\u00e2g\u00e9es, des personnes en situation de pr\u00e9carit\u00e9, des personnes \u00e9trang\u00e8res arrivant sur le territoire fran\u00e7ais, etc.<br \/>\nPar la diversit\u00e9 de ses actions, l&rsquo;association est ouverte \u00e0 tous !<br \/>\nElle b\u00e9n\u00e9ficie de l&rsquo;agr\u00e9ment Espace de Vie Sociale, d\u00e9livr\u00e9 par la Caf des Pyr\u00e9n\u00e9es Atlantiques.<\/p>\n\n\t\t<\/div>\n\t<\/div>\n<\/div><\/div><\/div><\/div><div data-vc-full-width=\"true\" data-vc-full-width-init=\"false\" class=\"vc_row wpb_row vc_row-fluid vc_custom_1546611042384 vc_row-has-fill vc_row-o-equal-height vc_row-o-content-middle vc_row-flex scheme_dark\"><div class=\"wpb_column vc_column_container vc_col-sm-4 sc_layouts_column_icons_position_left\"><div class=\"vc_column-inner\"><div class=\"wpb_wrapper\"><div class=\"vc_empty_space  height_small hide_on_mobile\"   style=\"height: 32px\"><span class=\"vc_empty_space_inner\"><\/span><\/div><div class=\"vc_empty_space  hide_on_mobile\"   style=\"height: 7px\"><span class=\"vc_empty_space_inner\"><\/span><\/div><div class=\"vc_empty_space  height_tiny hide_on_mobile\"   style=\"height: 32px\"><span class=\"vc_empty_space_inner\"><\/span><\/div><div class=\"vc_empty_space  height_tiny\"   style=\"height: 32px\"><span class=\"vc_empty_space_inner\"><\/span><\/div>\n\t<div class=\"wpb_text_column wpb_content_element\" >\n\t\t<div class=\"wpb_wrapper\">\n\t\t\t<h3>N&rsquo;h\u00e9sitez pas \u00e0 nous rejoindre !<\/h3>\n\n\t\t<\/div>\n\t<\/div>\n<div class=\"vc_empty_space  height_small hide_on_mobile\"   style=\"height: 32px\"><span class=\"vc_empty_space_inner\"><\/span><\/div><div class=\"vc_empty_space\"   style=\"height: 7px\"><span class=\"vc_empty_space_inner\"><\/span><\/div><div class=\"vc_empty_space  height_small\"   style=\"height: 32px\"><span class=\"vc_empty_space_inner\"><\/span><\/div><\/div><\/div><\/div><div class=\"wpb_column vc_column_container vc_col-sm-4 sc_layouts_column_icons_position_left\"><div class=\"vc_column-inner\"><div class=\"wpb_wrapper\"><div class=\"vc_empty_space  height_small\"   style=\"height: 32px\"><span class=\"vc_empty_space_inner\"><\/span><\/div><div style=\"font-size: 1.214em;color: #ffffff;line-height: 1.529em;text-align: center;font-family:Lora;font-weight:400;font-style:normal\" class=\"vc_custom_heading\" >L'adh\u00e9sion annuelle \u00e0 l'association<br \/>\npour 1 personne est de 20 \u20ac<br \/>\net pour 2 personnes et plus de 21 \u20ac !<\/div><div class=\"vc_empty_space  height_small\"   style=\"height: 32px\"><span class=\"vc_empty_space_inner\"><\/span><\/div><\/div><\/div><\/div><div class=\"wpb_column vc_column_container vc_col-sm-4 sc_layouts_column sc_layouts_column_align_right sc_layouts_column_icons_position_left\"><div class=\"vc_column-inner\"><div class=\"wpb_wrapper\"><div class=\"vc_empty_space\"   style=\"height: 22px\"><span class=\"vc_empty_space_inner\"><\/span><\/div><div class=\"sc_item_button sc_button_wrap sc_align_center\"><a href=\"\/en\/contacts\/\" id=\"sc_button_160829774\" class=\"sc_button sc_button_default sc_button_transparent  vc_custom_1775893931627 sc_button_size_normal sc_button_icon_left\"><span class=\"sc_button_icon\"><span class=\"icon-paper-plane\"><\/span><\/span><span class=\"sc_button_text\"><span class=\"sc_button_title\">Contactez-nous !<\/span><\/span><!-- \/.sc_button_text --><\/a><!-- \/.sc_button --><\/div><!-- \/.sc_item_button --><div class=\"vc_empty_space  height_tiny\"   style=\"height: 32px\"><span class=\"vc_empty_space_inner\"><\/span><\/div><\/div><\/div><\/div><\/div><div class=\"vc_row-full-width vc_clearfix\"><\/div><div data-vc-full-width=\"true\" data-vc-full-width-init=\"false\" class=\"vc_row wpb_row vc_row-fluid vc_custom_1488807460561 vc_row-has-fill\"><div class=\"wpb_column vc_column_container vc_col-sm-12 sc_layouts_column_icons_position_left\"><div class=\"vc_column-inner\"><div class=\"wpb_wrapper\"><div class=\"vc_empty_space  hide_on_mobile hide_on_tablet\"   style=\"height: 9px\"><span class=\"vc_empty_space_inner\"><\/span><\/div><div class=\"vc_empty_space  height_huge\"   style=\"height: 32px\"><span class=\"vc_empty_space_inner\"><\/span><\/div><div class=\"sc_services sc_services_default sc_services_alter\"><h6 class=\"sc_item_subtitle sc_services_subtitle sc_align_center sc_item_title_style_default\">Une association dynamique et cr\u00e9ative<\/h6><h3 class=\"sc_item_title sc_services_title sc_align_center sc_item_title_style_default\">De nombreuses actions<\/h3><div class=\"sc_services_columns sc_item_columns sc_item_columns_3 trx_addons_columns_wrap columns_padding_bottom\"><div class=\"trx_addons_column-1_3\"><div class=\"sc_services_item without_content with_icon sc_services_item_featured_top\">\n\t<a href=\"https:\/\/le-savoir-partage.fr\/en\/services\/des-evenements\/\"\n\t\t\t id=\"sc_services_380946201_icon-electric-light-bulb\"\n\t\t\t class=\"sc_services_item_icon icon-electric-light-bulb\"\n\t\t\t ><\/a>\t\n\t<div class=\"sc_services_item_info\">\n\t\t<div class=\"sc_services_item_header\">\n\t\t\t<h4 class=\"sc_services_item_title\"><a href=\"https:\/\/le-savoir-partage.fr\/en\/services\/des-evenements\/\">Des \u00e9v\u00e8nements<\/a><\/h4>\n\t\t<\/div>\n\t\t\t<\/div>\n<\/div>\n<\/div><div class=\"trx_addons_column-1_3\"><div class=\"sc_services_item without_content with_icon sc_services_item_featured_top\">\n\t<a href=\"https:\/\/le-savoir-partage.fr\/en\/services\/des-ateliers-pour-tous\/\"\n\t\t\t id=\"sc_services_380946201_icon-books\"\n\t\t\t class=\"sc_services_item_icon icon-books\"\n\t\t\t ><\/a>\t\n\t<div class=\"sc_services_item_info\">\n\t\t<div class=\"sc_services_item_header\">\n\t\t\t<h4 class=\"sc_services_item_title\"><a href=\"https:\/\/le-savoir-partage.fr\/en\/services\/des-ateliers-pour-tous\/\">Des ateliers pour tous<\/a><\/h4>\n\t\t<\/div>\n\t\t\t<\/div>\n<\/div>\n<\/div><div class=\"trx_addons_column-1_3\"><div class=\"sc_services_item without_content with_icon sc_services_item_featured_top\">\n\t<a href=\"https:\/\/le-savoir-partage.fr\/en\/services\/des-actions-sociales\/\"\n\t\t\t id=\"sc_services_380946201_icon-newspaper\"\n\t\t\t class=\"sc_services_item_icon icon-newspaper\"\n\t\t\t ><\/a>\t\n\t<div class=\"sc_services_item_info\">\n\t\t<div class=\"sc_services_item_header\">\n\t\t\t<h4 class=\"sc_services_item_title\"><a href=\"https:\/\/le-savoir-partage.fr\/en\/services\/des-actions-sociales\/\">Des actions sociales<\/a><\/h4>\n\t\t<\/div>\n\t\t\t<\/div>\n<\/div>\n<\/div><\/div><\/div><!-- \/.sc_services --><div class=\"vc_empty_space  height_huge\"   style=\"height: 32px\"><span class=\"vc_empty_space_inner\"><\/span><\/div><\/div><\/div><\/div><div class=\"wpb_column vc_column_container vc_col-sm-12 sc_layouts_column_icons_position_left\"><div class=\"vc_column-inner\"><div class=\"wpb_wrapper\"><\/div><\/div><\/div><div class=\"wpb_column vc_column_container vc_col-sm-12 sc_layouts_column_icons_position_left\"><div class=\"vc_column-inner\"><div class=\"wpb_wrapper\"><\/div><\/div><\/div><div class=\"wpb_column vc_column_container vc_col-sm-12 sc_layouts_column_icons_position_left\"><div class=\"vc_column-inner\"><div class=\"wpb_wrapper\"><\/div><\/div><\/div><div class=\"wpb_column vc_column_container vc_col-sm-12 sc_layouts_column_icons_position_left\"><div class=\"vc_column-inner\"><div class=\"wpb_wrapper\"><\/div><\/div><\/div><\/div><div class=\"vc_row-full-width vc_clearfix\"><\/div><div data-vc-full-width=\"true\" data-vc-full-width-init=\"false\" data-vc-stretch-content=\"true\" class=\"vc_row wpb_row vc_row-fluid vc_row-no-padding\"><div class=\"wpb_column vc_column_container vc_col-sm-12 sc_layouts_column_icons_position_left\"><div class=\"vc_column-inner\"><div class=\"wpb_wrapper\"><div  id=\"sc_action_1773027263\" \n\tclass=\"sc_action sc_action_simple\"><div class=\"sc_action_content sc_item_content\"><div class=\"sc_action_item sc_action_item_simple with_image sc_action_fixed_height sc_action_item_mc\" style=\"background-image:url(https:\/\/le-savoir-partage.fr\/wp-content\/uploads\/2026\/04\/sweet-life-iFJoOA9YiCo-unsplash-1170x658.jpg);height:45.214rem;overflow:hidden;\">\n\t\t\t\t\t\t\t<div class=\"sc_action_item_mask\"><\/div>\n\t\t\t\t<div class=\"sc_action_item_inner\">\n\t\t\t\t<h5 class=\"sc_action_item_subtitle\" style=\"color: #ffffff\"><span>Des activit\u00e9s accessibles \u00e0 tous<\/span><\/h5><h2 class=\"sc_action_item_title\"><span>Des s\u00e9ances \u00e0 partir de 2\u20ac<\/span><\/h2><a href=\"\/en\/ateliers\/\" class=\"sc_action_item_link\"><i class=\"icon icon-envelope\"><\/i>Inscrivez-vous<\/a><\/div><!-- \/.sc_action_item_inner --><\/div><\/div><\/div><!-- \/.sc_action --><\/div><\/div><\/div><\/div><div class=\"vc_row-full-width vc_clearfix\"><\/div>","protected":false},"excerpt":{"rendered":"....","protected":false},"author":1,"featured_media":0,"parent":0,"menu_order":0,"comment_status":"closed","ping_status":"closed","template":"","meta":{"footnotes":""},"class_list":["post-308","page","type-page","status-publish","hentry"],"_links":{"self":[{"href":"https:\/\/le-savoir-partage.fr\/en\/wp-json\/wp\/v2\/pages\/308","targetHints":{"allow":["GET"]}}],"collection":[{"href":"https:\/\/le-savoir-partage.fr\/en\/wp-json\/wp\/v2\/pages"}],"about":[{"href":"https:\/\/le-savoir-partage.fr\/en\/wp-json\/wp\/v2\/types\/page"}],"author":[{"embeddable":true,"href":"https:\/\/le-savoir-partage.fr\/en\/wp-json\/wp\/v2\/users\/1"}],"replies":[{"embeddable":true,"href":"https:\/\/le-savoir-partage.fr\/en\/wp-json\/wp\/v2\/comments?post=308"}],"version-history":[{"count":7,"href":"https:\/\/le-savoir-partage.fr\/en\/wp-json\/wp\/v2\/pages\/308\/revisions"}],"predecessor-version":[{"id":1468,"href":"https:\/\/le-savoir-partage.fr\/en\/wp-json\/wp\/v2\/pages\/308\/revisions\/1468"}],"wp:attachment":[{"href":"https:\/\/le-savoir-partage.fr\/en\/wp-json\/wp\/v2\/media?parent=308"}],"curies":[{"name":"wp","href":"https:\/\/api.w.org\/{rel}","templated":true}]}}